{"id":16317,"date":"2021-08-03T09:13:17","date_gmt":"2021-08-03T12:13:17","guid":{"rendered":"https:\/\/leatoys.com\/?post_type=product&#038;p=16317"},"modified":"2026-04-03T09:13:55","modified_gmt":"2026-04-03T12:13:55","slug":"a-hadron-traje-de-batalla-guardianes-cosmicos","status":"publish","type":"product","link":"https:\/\/leatoys.com\/en\/producto\/a-hadron-traje-de-batalla-guardianes-cosmicos\/","title":{"rendered":"A &#8211; Hadr\u00f3n Battle suit"},"content":{"rendered":"<p>5.5 inch articulated figure.<\/p>\n<p>Accessories: laser gun and shield<\/p>\n<p>Includes card with history.<\/p>\n<p>Manufactured by LEATOYS.<\/p>\n<p>Made in Argentina.<\/p>\n<p>&nbsp;<\/p>\n","protected":false},"excerpt":{"rendered":"<p>The supreme leader<\/p>\n","protected":false},"featured_media":17207,"template":"","meta":[],"product_brand":[],"product_cat":[66],"product_tag":[],"class_list":{"0":"post-16317","1":"product","2":"type-product","3":"status-publish","4":"has-post-thumbnail","6":"product_cat-figures","7":"description-off","9":"first","10":"instock","11":"shipping-taxable","12":"purchasable","13":"product-type-simple"},"yoast_head":"<!-- This site is optimized with the Yoast SEO plugin v25.6 - https:\/\/yoast.com\/wordpress\/plugins\/seo\/ -->\n<title>A - Hadr\u00f3n Battle suit<\/title>\n<meta name=\"robots\" content=\"index, follow, max-snippet:-1, max-image-preview:large, max-video-preview:-1\" \/>\n<link rel=\"canonical\" href=\"https:\/\/leatoys.com\/en\/producto\/a-hadron-traje-de-batalla-guardianes-cosmicos\/\" \/>\n<meta property=\"og:locale\" content=\"en_GB\" \/>\n<meta property=\"og:locale:alternate\" content=\"es_ES\" \/>\n<meta property=\"og:type\" content=\"article\" \/>\n<meta property=\"og:title\" content=\"A - Hadr\u00f3n Battle suit\" \/>\n<meta property=\"og:description\" content=\"The supreme leader\" \/>\n<meta property=\"og:url\" content=\"https:\/\/leatoys.com\/en\/producto\/a-hadron-traje-de-batalla-guardianes-cosmicos\/\" \/>\n<meta property=\"og:site_name\" content=\"Lea Toys\" \/>\n<meta property=\"article:publisher\" content=\"https:\/\/www.facebook.com\/losguardianescosmicos\" \/>\n<meta property=\"article:modified_time\" content=\"2026-04-03T12:13:55+00:00\" \/>\n<meta property=\"og:image\" content=\"https:\/\/leatoys.com\/wp-content\/uploads\/2021\/08\/Hadron-TB-FOTO-PRESENTACION-sin-logos-scaled.jpg\" \/>\n\t<meta property=\"og:image:width\" content=\"2560\" \/>\n\t<meta property=\"og:image:height\" content=\"2551\" \/>\n\t<meta property=\"og:image:type\" content=\"image\/jpeg\" \/>\n<meta name=\"twitter:card\" content=\"summary_large_image\" \/>\n<meta name=\"twitter:label1\" content=\"Estimated reading time\" \/>\n\t<meta name=\"twitter:data1\" content=\"1 minute\" \/>\n<script type=\"application\/ld+json\" class=\"yoast-schema-graph\">{\"@context\":\"https:\/\/schema.org\",\"@graph\":[{\"@type\":\"WebPage\",\"@id\":\"https:\/\/leatoys.com\/producto\/a-hadron-traje-de-batalla-guardianes-cosmicos\/\",\"url\":\"https:\/\/leatoys.com\/producto\/a-hadron-traje-de-batalla-guardianes-cosmicos\/\",\"name\":\"A - Hadr\u00f3n Battle suit\",\"isPartOf\":{\"@id\":\"https:\/\/leatoys.com\/en\/#website\"},\"primaryImageOfPage\":{\"@id\":\"https:\/\/leatoys.com\/producto\/a-hadron-traje-de-batalla-guardianes-cosmicos\/#primaryimage\"},\"image\":{\"@id\":\"https:\/\/leatoys.com\/producto\/a-hadron-traje-de-batalla-guardianes-cosmicos\/#primaryimage\"},\"thumbnailUrl\":\"https:\/\/leatoys.com\/wp-content\/uploads\/2021\/08\/Hadron-TB-FOTO-PRESENTACION-sin-logos-scaled.jpg\",\"datePublished\":\"2021-08-03T12:13:17+00:00\",\"dateModified\":\"2026-04-03T12:13:55+00:00\",\"breadcrumb\":{\"@id\":\"https:\/\/leatoys.com\/producto\/a-hadron-traje-de-batalla-guardianes-cosmicos\/#breadcrumb\"},\"inLanguage\":\"en-GB\",\"potentialAction\":[{\"@type\":\"ReadAction\",\"target\":[\"https:\/\/leatoys.com\/producto\/a-hadron-traje-de-batalla-guardianes-cosmicos\/\"]}]},{\"@type\":\"ImageObject\",\"inLanguage\":\"en-GB\",\"@id\":\"https:\/\/leatoys.com\/producto\/a-hadron-traje-de-batalla-guardianes-cosmicos\/#primaryimage\",\"url\":\"https:\/\/leatoys.com\/wp-content\/uploads\/2021\/08\/Hadron-TB-FOTO-PRESENTACION-sin-logos-scaled.jpg\",\"contentUrl\":\"https:\/\/leatoys.com\/wp-content\/uploads\/2021\/08\/Hadron-TB-FOTO-PRESENTACION-sin-logos-scaled.jpg\",\"width\":2560,\"height\":2551},{\"@type\":\"BreadcrumbList\",\"@id\":\"https:\/\/leatoys.com\/producto\/a-hadron-traje-de-batalla-guardianes-cosmicos\/#breadcrumb\",\"itemListElement\":[{\"@type\":\"ListItem\",\"position\":1,\"name\":\"Portada\",\"item\":\"https:\/\/leatoys.com\/en\/\"},{\"@type\":\"ListItem\",\"position\":2,\"name\":\"\u00a1Ya puedes tener tus Lea Toys!\",\"item\":\"https:\/\/leatoys.com\/tienda\/\"},{\"@type\":\"ListItem\",\"position\":3,\"name\":\"A &#8211; Hadr\u00f3n Traje de batalla &#8211; Guardianes C\u00f3smicos\"}]},{\"@type\":\"WebSite\",\"@id\":\"https:\/\/leatoys.com\/en\/#website\",\"url\":\"https:\/\/leatoys.com\/en\/\",\"name\":\"Lea Toys\",\"description\":\"Official Webite\",\"publisher\":{\"@id\":\"https:\/\/leatoys.com\/en\/#organization\"},\"potentialAction\":[{\"@type\":\"SearchAction\",\"target\":{\"@type\":\"EntryPoint\",\"urlTemplate\":\"https:\/\/leatoys.com\/en\/?s={search_term_string}\"},\"query-input\":{\"@type\":\"PropertyValueSpecification\",\"valueRequired\":true,\"valueName\":\"search_term_string\"}}],\"inLanguage\":\"en-GB\"},{\"@type\":\"Organization\",\"@id\":\"https:\/\/leatoys.com\/en\/#organization\",\"name\":\"Guardianes Cosmicos\",\"url\":\"https:\/\/leatoys.com\/en\/\",\"logo\":{\"@type\":\"ImageObject\",\"inLanguage\":\"en-GB\",\"@id\":\"https:\/\/leatoys.com\/en\/#\/schema\/logo\/image\/\",\"url\":\"https:\/\/leatoys.com\/wp-content\/uploads\/2018\/05\/favicon-v2.png\",\"contentUrl\":\"https:\/\/leatoys.com\/wp-content\/uploads\/2018\/05\/favicon-v2.png\",\"width\":512,\"height\":512,\"caption\":\"Guardianes Cosmicos\"},\"image\":{\"@id\":\"https:\/\/leatoys.com\/en\/#\/schema\/logo\/image\/\"},\"sameAs\":[\"https:\/\/www.facebook.com\/losguardianescosmicos\",\"https:\/\/www.instagram.com\/leatoys_argentina\/\"]}]}<\/script>\n<!-- \/ Yoast SEO plugin. -->","yoast_head_json":{"title":"A - Hadr\u00f3n Battle suit","robots":{"index":"index","follow":"follow","max-snippet":"max-snippet:-1","max-image-preview":"max-image-preview:large","max-video-preview":"max-video-preview:-1"},"canonical":"https:\/\/leatoys.com\/en\/producto\/a-hadron-traje-de-batalla-guardianes-cosmicos\/","og_locale":"en_GB","og_type":"article","og_title":"[:en]A - Hadr\u00f3n Battle suit[:es]A - Hadr\u00f3n Traje de batalla - Guardianes C\u00f3smicos[:] - Lea Toys","og_description":"The supreme leader","og_url":"https:\/\/leatoys.com\/en\/producto\/a-hadron-traje-de-batalla-guardianes-cosmicos\/","og_site_name":"Lea Toys","article_publisher":"https:\/\/www.facebook.com\/losguardianescosmicos","article_modified_time":"2026-04-03T12:13:55+00:00","og_image":[{"width":2560,"height":2551,"url":"https:\/\/leatoys.com\/wp-content\/uploads\/2021\/08\/Hadron-TB-FOTO-PRESENTACION-sin-logos-scaled.jpg","type":"image\/jpeg"}],"twitter_card":"summary_large_image","twitter_misc":{"Estimated reading time":"1 minute"},"schema":{"@context":"https:\/\/schema.org","@graph":[{"@type":"WebPage","@id":"https:\/\/leatoys.com\/producto\/a-hadron-traje-de-batalla-guardianes-cosmicos\/","url":"https:\/\/leatoys.com\/producto\/a-hadron-traje-de-batalla-guardianes-cosmicos\/","name":"A - Hadr\u00f3n Battle suit","isPartOf":{"@id":"https:\/\/leatoys.com\/en\/#website"},"primaryImageOfPage":{"@id":"https:\/\/leatoys.com\/producto\/a-hadron-traje-de-batalla-guardianes-cosmicos\/#primaryimage"},"image":{"@id":"https:\/\/leatoys.com\/producto\/a-hadron-traje-de-batalla-guardianes-cosmicos\/#primaryimage"},"thumbnailUrl":"https:\/\/leatoys.com\/wp-content\/uploads\/2021\/08\/Hadron-TB-FOTO-PRESENTACION-sin-logos-scaled.jpg","datePublished":"2021-08-03T12:13:17+00:00","dateModified":"2026-04-03T12:13:55+00:00","breadcrumb":{"@id":"https:\/\/leatoys.com\/producto\/a-hadron-traje-de-batalla-guardianes-cosmicos\/#breadcrumb"},"inLanguage":"en-GB","potentialAction":[{"@type":"ReadAction","target":["https:\/\/leatoys.com\/producto\/a-hadron-traje-de-batalla-guardianes-cosmicos\/"]}]},{"@type":"ImageObject","inLanguage":"en-GB","@id":"https:\/\/leatoys.com\/producto\/a-hadron-traje-de-batalla-guardianes-cosmicos\/#primaryimage","url":"https:\/\/leatoys.com\/wp-content\/uploads\/2021\/08\/Hadron-TB-FOTO-PRESENTACION-sin-logos-scaled.jpg","contentUrl":"https:\/\/leatoys.com\/wp-content\/uploads\/2021\/08\/Hadron-TB-FOTO-PRESENTACION-sin-logos-scaled.jpg","width":2560,"height":2551},{"@type":"BreadcrumbList","@id":"https:\/\/leatoys.com\/producto\/a-hadron-traje-de-batalla-guardianes-cosmicos\/#breadcrumb","itemListElement":[{"@type":"ListItem","position":1,"name":"Portada","item":"https:\/\/leatoys.com\/en\/"},{"@type":"ListItem","position":2,"name":"\u00a1Ya puedes tener tus Lea Toys!","item":"https:\/\/leatoys.com\/tienda\/"},{"@type":"ListItem","position":3,"name":"A &#8211; Hadr\u00f3n Traje de batalla &#8211; Guardianes C\u00f3smicos"}]},{"@type":"WebSite","@id":"https:\/\/leatoys.com\/en\/#website","url":"https:\/\/leatoys.com\/en\/","name":"Lea Toys","description":"Official Webite","publisher":{"@id":"https:\/\/leatoys.com\/en\/#organization"},"potentialAction":[{"@type":"SearchAction","target":{"@type":"EntryPoint","urlTemplate":"https:\/\/leatoys.com\/en\/?s={search_term_string}"},"query-input":{"@type":"PropertyValueSpecification","valueRequired":true,"valueName":"search_term_string"}}],"inLanguage":"en-GB"},{"@type":"Organization","@id":"https:\/\/leatoys.com\/en\/#organization","name":"Guardianes Cosmicos","url":"https:\/\/leatoys.com\/en\/","logo":{"@type":"ImageObject","inLanguage":"en-GB","@id":"https:\/\/leatoys.com\/en\/#\/schema\/logo\/image\/","url":"https:\/\/leatoys.com\/wp-content\/uploads\/2018\/05\/favicon-v2.png","contentUrl":"https:\/\/leatoys.com\/wp-content\/uploads\/2018\/05\/favicon-v2.png","width":512,"height":512,"caption":"Guardianes Cosmicos"},"image":{"@id":"https:\/\/leatoys.com\/en\/#\/schema\/logo\/image\/"},"sameAs":["https:\/\/www.facebook.com\/losguardianescosmicos","https:\/\/www.instagram.com\/leatoys_argentina\/"]}]}},"_links":{"self":[{"href":"https:\/\/leatoys.com\/en\/wp-json\/wp\/v2\/product\/16317","targetHints":{"allow":["GET"]}}],"collection":[{"href":"https:\/\/leatoys.com\/en\/wp-json\/wp\/v2\/product"}],"about":[{"href":"https:\/\/leatoys.com\/en\/wp-json\/wp\/v2\/types\/product"}],"wp:featuredmedia":[{"embeddable":true,"href":"https:\/\/leatoys.com\/en\/wp-json\/wp\/v2\/media\/17207"}],"wp:attachment":[{"href":"https:\/\/leatoys.com\/en\/wp-json\/wp\/v2\/media?parent=16317"}],"wp:term":[{"taxonomy":"product_brand","embeddable":true,"href":"https:\/\/leatoys.com\/en\/wp-json\/wp\/v2\/product_brand?post=16317"},{"taxonomy":"product_cat","embeddable":true,"href":"https:\/\/leatoys.com\/en\/wp-json\/wp\/v2\/product_cat?post=16317"},{"taxonomy":"product_tag","embeddable":true,"href":"https:\/\/leatoys.com\/en\/wp-json\/wp\/v2\/product_tag?post=16317"}],"curies":[{"name":"wp","href":"https:\/\/api.w.org\/{rel}","templated":true}]}}