{"id":14980,"date":"2018-05-11T18:58:15","date_gmt":"2018-05-11T18:58:15","guid":{"rendered":"https:\/\/guardianescosmicos.com\/?page_id=14980"},"modified":"2020-12-19T14:31:09","modified_gmt":"2020-12-19T17:31:09","slug":"novedades","status":"publish","type":"page","link":"https:\/\/leatoys.com\/en\/novedades\/","title":{"rendered":"Novedades"},"content":{"rendered":"<p>[vc_row][vc_column]<style type=\"text\/css\" data-type=\"the7_shortcodes-inline-css\">.blog-shortcode.blog-list-shortcode-id-9db7d983684957fb245ebab48a6c079a.dividers-on.classic-layout-list article {\n  margin-top: 50px;\n  padding-top: 0;\n  border-color: ;\n}\n.blog-shortcode.blog-list-shortcode-id-9db7d983684957fb245ebab48a6c079a.dividers-on.classic-layout-list article:first-of-type {\n  margin-top: 0;\n  padding-top: 0;\n}\n.blog-shortcode.blog-list-shortcode-id-9db7d983684957fb245ebab48a6c079a.classic-layout-list.mode-list .post-thumbnail-wrap {\n  width: 50%;\n}\n.blog-shortcode.blog-list-shortcode-id-9db7d983684957fb245ebab48a6c079a.classic-layout-list.mode-list .post-entry-content {\n  width: calc(100% - 50%);\n}\n.blog-shortcode.blog-list-shortcode-id-9db7d983684957fb245ebab48a6c079a.classic-layout-list.mode-list .no-img .post-entry-content {\n  width: 100%;\n}\n.blog-shortcode.blog-list-shortcode-id-9db7d983684957fb245ebab48a6c079a .filter-bg-decoration .filter-categories a.act {\n  color: #fff;\n}\n.blog-shortcode.blog-list-shortcode-id-9db7d983684957fb245ebab48a6c079a:not(.mode-masonry) article {\n  margin-top: 50px;\n}\n.blog-shortcode.blog-list-shortcode-id-9db7d983684957fb245ebab48a6c079a:not(.mode-masonry) article:first-of-type,\n.blog-shortcode.blog-list-shortcode-id-9db7d983684957fb245ebab48a6c079a:not(.mode-masonry) article.visible.first:not(.product) {\n  margin-top: 0;\n}\n.blog-shortcode.blog-list-shortcode-id-9db7d983684957fb245ebab48a6c079a.dividers-on:not(.mode-masonry) article {\n  margin-top: 0;\n  padding-top: 50px;\n}\n.blog-shortcode.blog-list-shortcode-id-9db7d983684957fb245ebab48a6c079a.dividers-on:not(.mode-masonry) article:first-of-type,\n.blog-shortcode.blog-list-shortcode-id-9db7d983684957fb245ebab48a6c079a.dividers-on:not(.mode-masonry) article.visible.first:not(.product) {\n  margin-top: 0;\n  padding-top: 0;\n}\n.blog-shortcode.blog-list-shortcode-id-9db7d983684957fb245ebab48a6c079a .post-thumbnail-wrap {\n  padding: 0px 0px 0px 0px;\n}\n.blog-shortcode.blog-list-shortcode-id-9db7d983684957fb245ebab48a6c079a.enable-bg-rollover .post-thumbnail-rollover:after {\n  background: ;\n  background: -webkit-linear-gradient();\n  background: linear-gradient();\n}\n.blog-shortcode.blog-list-shortcode-id-9db7d983684957fb245ebab48a6c079a .gallery-zoom-ico {\n  width: 44px;\n  height: 44px;\n  line-height: 44px;\n  border-radius: 100px;\n  margin: -22px 0 0 -22px;\n  border-width: 0px;\n  color: #ffffff;\n}\n.bottom-overlap-layout-list.blog-shortcode.blog-list-shortcode-id-9db7d983684957fb245ebab48a6c079a .gallery-zoom-ico {\n  margin-top: -22px\/2;\n}\n.gradient-overlay-layout-list.blog-shortcode.blog-list-shortcode-id-9db7d983684957fb245ebab48a6c079a .gallery-zoom-ico,\n.content-rollover-layout-list.blog-shortcode.blog-list-shortcode-id-9db7d983684957fb245ebab48a6c079a .gallery-zoom-ico {\n  margin: 0 0 10px;\n}\n.content-align-center.gradient-overlay-layout-list.blog-shortcode.blog-list-shortcode-id-9db7d983684957fb245ebab48a6c079a .gallery-zoom-ico,\n.content-align-center.content-rollover-layout-list.blog-shortcode.blog-list-shortcode-id-9db7d983684957fb245ebab48a6c079a .gallery-zoom-ico {\n  margin: 0 auto 10px;\n}\n.dt-icon-bg-on.blog-shortcode.blog-list-shortcode-id-9db7d983684957fb245ebab48a6c079a .gallery-zoom-ico {\n  background: rgba(255,255,255,0.3);\n  box-shadow: none;\n}\n.blog-shortcode.blog-list-shortcode-id-9db7d983684957fb245ebab48a6c079a .gallery-zoom-ico > span,\n.blog-shortcode.blog-list-shortcode-id-9db7d983684957fb245ebab48a6c079a .gallery-zoom-ico:before {\n  font-size: 32px;\n  line-height: 44px;\n}\n.blog-shortcode.blog-list-shortcode-id-9db7d983684957fb245ebab48a6c079a .gallery-zoom-ico > span,\n.blog-shortcode.blog-list-shortcode-id-9db7d983684957fb245ebab48a6c079a .gallery-zoom-ico:before {\n  color: #ffffff;\n}\n.blog-shortcode.blog-list-shortcode-id-9db7d983684957fb245ebab48a6c079a .fancy-date a {\n  background: #ffffff;\n  box-shadow: none;\n}\n.blog-shortcode.blog-list-shortcode-id-9db7d983684957fb245ebab48a6c079a .fancy-date a * {\n  color: #2d2d2d;\n}\n.blog-shortcode.blog-list-shortcode-id-9db7d983684957fb245ebab48a6c079a .entry-title,\n.blog-shortcode.blog-list-shortcode-id-9db7d983684957fb245ebab48a6c079a.owl-carousel .entry-title {\n  margin-bottom: 5px;\n  font-weight: bold;\n}\n.blog-shortcode.blog-list-shortcode-id-9db7d983684957fb245ebab48a6c079a .entry-meta {\n  margin-bottom: 15px;\n}\n.blog-shortcode.blog-list-shortcode-id-9db7d983684957fb245ebab48a6c079a .portfolio-categories {\n  margin-bottom: 15px;\n}\n.blog-shortcode.blog-list-shortcode-id-9db7d983684957fb245ebab48a6c079a .entry-excerpt {\n  margin-bottom: 5px;\n}\n.blog-shortcode.blog-list-shortcode-id-9db7d983684957fb245ebab48a6c079a:not(.centered-layout-list) .post-entry-content {\n  padding: 25px 30px 30px 30px;\n}\n.blog-shortcode.blog-list-shortcode-id-9db7d983684957fb245ebab48a6c079a:not(.centered-layout-list):not(.content-bg-on):not(.mode-list) .no-img .post-entry-content {\n  padding: 0;\n}\n@media screen and (max-width: 768px) {\n  .blog-shortcode.blog-list-shortcode-id-9db7d983684957fb245ebab48a6c079a article {\n    -ms-flex-flow: column nowrap;\n    flex-flow: column nowrap;\n    margin-top: 20px;\n  }\n  .blog-shortcode.blog-list-shortcode-id-9db7d983684957fb245ebab48a6c079a.dividers-on article {\n    border: none;\n  }\n  .blog-shortcode.blog-list-shortcode-id-9db7d983684957fb245ebab48a6c079a.content-bg-on.centered-layout-list article {\n    padding: 0;\n  }\n  .blog-shortcode.blog-list-shortcode-id-9db7d983684957fb245ebab48a6c079a.blog-shortcode.dividers-on article,\n  .blog-shortcode.blog-list-shortcode-id-9db7d983684957fb245ebab48a6c079a.dividers-on.classic-layout-list article {\n    margin-top: 20px;\n    padding: 0;\n  }\n  .blog-shortcode.blog-list-shortcode-id-9db7d983684957fb245ebab48a6c079a.blog-shortcode.dividers-on article:first-of-type,\n  .blog-shortcode.blog-list-shortcode-id-9db7d983684957fb245ebab48a6c079a.dividers-on.classic-layout-list article:first-of-type {\n    padding: 0;\n  }\n  #page .blog-shortcode.blog-list-shortcode-id-9db7d983684957fb245ebab48a6c079a .post-thumbnail-wrap,\n  #page .blog-shortcode.blog-list-shortcode-id-9db7d983684957fb245ebab48a6c079a .post-entry-content {\n    width: 100%;\n    margin: 0;\n    top: 0;\n  }\n  #page .blog-shortcode.blog-list-shortcode-id-9db7d983684957fb245ebab48a6c079a .post-thumbnail-wrap {\n    padding: 0;\n  }\n  #page .blog-shortcode.blog-list-shortcode-id-9db7d983684957fb245ebab48a6c079a .post-entry-content:after {\n    display: none;\n  }\n  #page .blog-shortcode.blog-list-shortcode-id-9db7d983684957fb245ebab48a6c079a .project-even .post-thumbnail-wrap,\n  #page .blog-shortcode.blog-list-shortcode-id-9db7d983684957fb245ebab48a6c079a.centered-layout-list .post-thumbnail-wrap {\n    -ms-flex-order: 0;\n    order: 0;\n  }\n  #page .blog-shortcode.blog-list-shortcode-id-9db7d983684957fb245ebab48a6c079a.centered-layout-list .post-entry-title-content {\n    -ms-flex-order: 1;\n    order: 1;\n    width: 100%;\n    padding: 20px 20px 0;\n  }\n  #page .blog-shortcode.blog-list-shortcode-id-9db7d983684957fb245ebab48a6c079a.centered-layout-list .post-entry-content {\n    -ms-flex-order: 2;\n    order: 2;\n    padding-top: 0;\n  }\n  #page .blog-shortcode.blog-list-shortcode-id-9db7d983684957fb245ebab48a6c079a .fancy-categories {\n    top: 10px;\n    left: 10px;\n    bottom: auto;\n    right: auto;\n  }\n  #page .blog-shortcode.blog-list-shortcode-id-9db7d983684957fb245ebab48a6c079a .fancy-date a {\n    top: 10px;\n    right: 10px;\n    left: auto;\n    bottom: auto;\n  }\n  #page .blog-shortcode.blog-list-shortcode-id-9db7d983684957fb245ebab48a6c079a .post-entry-content {\n    padding: 20px;\n  }\n  #page .blog-shortcode.blog-list-shortcode-id-9db7d983684957fb245ebab48a6c079a .entry-title {\n    margin: 3px 0 5px;\n    font-size: 20px;\n    line-height: 26px;\n  }\n  #page .blog-shortcode.blog-list-shortcode-id-9db7d983684957fb245ebab48a6c079a .entry-meta {\n    margin: 5px 0 5px;\n  }\n  #page .blog-shortcode.blog-list-shortcode-id-9db7d983684957fb245ebab48a6c079a .entry-excerpt {\n    margin: 15px 0 0;\n  }\n  #page .blog-shortcode.blog-list-shortcode-id-9db7d983684957fb245ebab48a6c079a .post-details {\n    margin: 5px 0 10px;\n  }\n  #page .blog-shortcode.blog-list-shortcode-id-9db7d983684957fb245ebab48a6c079a .post-details.details-type-link {\n    margin-bottom: 2px;\n  }\n}\n<\/style><div class=\"articles-list blog-shortcode mode-list blog-list-shortcode-id-9db7d983684957fb245ebab48a6c079a classic-layout-list content-bg-on jquery-filter scale-img dt-icon-bg-off vertical-fancy-style loading-effect-fade-in\" data-cur-page=\"1\" data-post-limit=\"-1\" data-pagination-mode=\"none\"><article class=\"post project-odd visible post-15110 type-post status-publish format-standard has-post-thumbnail hentry category-novedades category-49 description-off\" data-name=\"Estaremos presentando nuestra linea de Figuras Guardianes C\u00f3smicos en Power Con &#8211; Los Angeles &#8211; USA\" data-date=\"2018-05-14T04:32:26-03:00\">\n\n<div class=\"post-thumbnail-wrap\">\n\t<div class=\"post-thumbnail\">\n\n\t\t\n\t\t\n\t\t<a href=\"https:\/\/leatoys.com\/en\/novedades-01\/\" class=\"post-thumbnail-rollover layzr-bg layzr-bg\" ><img loading=\"lazy\" decoding=\"async\" class=\"blog-thumb-lazy-load preload-me lazy-load\" src=\"data:image\/svg+xml,%3Csvg%20xmlns%3D&#39;http%3A%2F%2Fwww.w3.org%2F2000%2Fsvg&#39;%20viewBox%3D&#39;0%200%20768%20512&#39;%2F%3E\" data-src=\"https:\/\/leatoys.com\/wp-content\/uploads\/2018\/05\/cartel-power-con-768x512.jpg\" data-srcset=\"https:\/\/leatoys.com\/wp-content\/uploads\/2018\/05\/cartel-power-con-768x512.jpg 768w, https:\/\/leatoys.com\/wp-content\/uploads\/2018\/05\/cartel-power-con-1306x870.jpg 1306w\" alt=\"\" title=\"cartel power con\" width=\"768\" height=\"512\"  \/><\/a>\n\t<\/div>\n<\/div>\n\n\n<div class=\"post-entry-content\">\n\n\t<h3 class=\"entry-title\">\n\t\t<a href=\"https:\/\/leatoys.com\/en\/novedades-01\/\" title=\"Estaremos presentando nuestra linea de Figuras Guardianes C\u00f3smicos en Power Con &#8211; Los Angeles &#8211; USA\" rel=\"bookmark\">Estaremos presentando nuestra linea de Figuras Guardianes C\u00f3smicos en Power Con &#8211; Los Angeles &#8211; USA<\/a>\n\t<\/h3>\n\n\t<div class=\"entry-meta\"><span class=\"category-link\"><a href=\"https:\/\/leatoys.com\/en\/category\/novedades\/\" >Novedades<\/a><\/span><a href=\"https:\/\/leatoys.com\/en\/2018\/05\/14\/\" title=\"4:32 am\" class=\"data-link\" rel=\"bookmark\"><time class=\"entry-date updated\" datetime=\"2018-05-14T04:32:26-03:00\">14 May, 2018<\/time><\/a><a href=\"https:\/\/leatoys.com\/en\/novedades-01\/#respond\" class=\"comment-link\" >Leave a comment<\/a><\/div>\n\t<div class=\"entry-excerpt\"><p>Los pr\u00f3ximos d\u00edas 25 y 26 de Agosto estaremos presentando la linea Guardianes C\u00f3smicos en&hellip;<\/p>\n<\/div>\n\t\n<a href=\"https:\/\/leatoys.com\/en\/novedades-01\/\" class=\"post-details details-type-link\" aria-label=\"Read more about Estaremos presentando nuestra linea de Figuras Guardianes C\u00f3smicos en Power Con &#8211; Los Angeles &#8211; USA\" rel=\"nofollow\">Seguir leyendo<i class=\"dt-icon-the7-arrow-03\" aria-hidden=\"true\"><\/i><\/a>\n\n<\/div><\/article><\/div>[\/vc_column][\/vc_row]<\/p>\n","protected":false},"excerpt":{"rendered":"<p>[vc_row][vc_column][\/vc_column][\/vc_row]<\/p>\n","protected":false},"author":1,"featured_media":0,"parent":0,"menu_order":0,"comment_status":"closed","ping_status":"closed","template":"","meta":[],"class_list":["post-14980","page","type-page","status-publish","hentry","description-off"],"yoast_head":"<!-- This site is optimized with the Yoast SEO plugin v25.6 - https:\/\/yoast.com\/wordpress\/plugins\/seo\/ -->\n<title>Novedades<\/title>\n<meta name=\"robots\" content=\"index, follow, max-snippet:-1, max-image-preview:large, max-video-preview:-1\" \/>\n<link rel=\"canonical\" href=\"https:\/\/leatoys.com\/en\/novedades\/\" \/>\n<meta property=\"og:locale\" content=\"en_GB\" \/>\n<meta property=\"og:locale:alternate\" content=\"es_ES\" \/>\n<meta property=\"og:type\" content=\"article\" \/>\n<meta property=\"og:title\" content=\"Novedades\" \/>\n<meta property=\"og:description\" content=\"[vc_row][vc_column][\/vc_column][\/vc_row]\" \/>\n<meta property=\"og:url\" content=\"https:\/\/leatoys.com\/en\/novedades\/\" \/>\n<meta property=\"og:site_name\" content=\"Lea Toys\" \/>\n<meta property=\"article:publisher\" content=\"https:\/\/www.facebook.com\/losguardianescosmicos\" \/>\n<meta property=\"article:modified_time\" content=\"2020-12-19T17:31:09+00:00\" \/>\n<meta property=\"og:image\" content=\"https:\/\/leatoys.com\/wp-content\/uploads\/2020\/12\/leatoys-opengraph.png\" \/>\n\t<meta property=\"og:image:width\" content=\"1200\" \/>\n\t<meta property=\"og:image:height\" content=\"628\" \/>\n\t<meta property=\"og:image:type\" content=\"image\/png\" \/>\n<meta name=\"twitter:card\" content=\"summary_large_image\" \/>\n<script type=\"application\/ld+json\" class=\"yoast-schema-graph\">{\"@context\":\"https:\/\/schema.org\",\"@graph\":[{\"@type\":\"WebPage\",\"@id\":\"https:\/\/leatoys.com\/novedades\/\",\"url\":\"https:\/\/leatoys.com\/novedades\/\",\"name\":\"Novedades\",\"isPartOf\":{\"@id\":\"https:\/\/leatoys.com\/en\/#website\"},\"datePublished\":\"2018-05-11T18:58:15+00:00\",\"dateModified\":\"2020-12-19T17:31:09+00:00\",\"breadcrumb\":{\"@id\":\"https:\/\/leatoys.com\/novedades\/#breadcrumb\"},\"inLanguage\":\"en-GB\",\"potentialAction\":[{\"@type\":\"ReadAction\",\"target\":[\"https:\/\/leatoys.com\/novedades\/\"]}]},{\"@type\":\"BreadcrumbList\",\"@id\":\"https:\/\/leatoys.com\/novedades\/#breadcrumb\",\"itemListElement\":[{\"@type\":\"ListItem\",\"position\":1,\"name\":\"Portada\",\"item\":\"https:\/\/leatoys.com\/en\/\"},{\"@type\":\"ListItem\",\"position\":2,\"name\":\"Novedades\"}]},{\"@type\":\"WebSite\",\"@id\":\"https:\/\/leatoys.com\/en\/#website\",\"url\":\"https:\/\/leatoys.com\/en\/\",\"name\":\"Lea Toys\",\"description\":\"Official Webite\",\"publisher\":{\"@id\":\"https:\/\/leatoys.com\/en\/#organization\"},\"potentialAction\":[{\"@type\":\"SearchAction\",\"target\":{\"@type\":\"EntryPoint\",\"urlTemplate\":\"https:\/\/leatoys.com\/en\/?s={search_term_string}\"},\"query-input\":{\"@type\":\"PropertyValueSpecification\",\"valueRequired\":true,\"valueName\":\"search_term_string\"}}],\"inLanguage\":\"en-GB\"},{\"@type\":\"Organization\",\"@id\":\"https:\/\/leatoys.com\/en\/#organization\",\"name\":\"Guardianes Cosmicos\",\"url\":\"https:\/\/leatoys.com\/en\/\",\"logo\":{\"@type\":\"ImageObject\",\"inLanguage\":\"en-GB\",\"@id\":\"https:\/\/leatoys.com\/en\/#\/schema\/logo\/image\/\",\"url\":\"https:\/\/leatoys.com\/wp-content\/uploads\/2018\/05\/favicon-v2.png\",\"contentUrl\":\"https:\/\/leatoys.com\/wp-content\/uploads\/2018\/05\/favicon-v2.png\",\"width\":512,\"height\":512,\"caption\":\"Guardianes Cosmicos\"},\"image\":{\"@id\":\"https:\/\/leatoys.com\/en\/#\/schema\/logo\/image\/\"},\"sameAs\":[\"https:\/\/www.facebook.com\/losguardianescosmicos\",\"https:\/\/www.instagram.com\/leatoys_argentina\/\"]}]}<\/script>\n<!-- \/ Yoast SEO plugin. -->","yoast_head_json":{"title":"Novedades","robots":{"index":"index","follow":"follow","max-snippet":"max-snippet:-1","max-image-preview":"max-image-preview:large","max-video-preview":"max-video-preview:-1"},"canonical":"https:\/\/leatoys.com\/en\/novedades\/","og_locale":"en_GB","og_type":"article","og_title":"Lea Toys - [:es]Novedades[:]","og_description":"[vc_row][vc_column][\/vc_column][\/vc_row]","og_url":"https:\/\/leatoys.com\/en\/novedades\/","og_site_name":"Lea Toys","article_publisher":"https:\/\/www.facebook.com\/losguardianescosmicos","article_modified_time":"2020-12-19T17:31:09+00:00","og_image":[{"width":1200,"height":628,"url":"https:\/\/leatoys.com\/wp-content\/uploads\/2020\/12\/leatoys-opengraph.png","type":"image\/png"}],"twitter_card":"summary_large_image","schema":{"@context":"https:\/\/schema.org","@graph":[{"@type":"WebPage","@id":"https:\/\/leatoys.com\/novedades\/","url":"https:\/\/leatoys.com\/novedades\/","name":"Novedades","isPartOf":{"@id":"https:\/\/leatoys.com\/en\/#website"},"datePublished":"2018-05-11T18:58:15+00:00","dateModified":"2020-12-19T17:31:09+00:00","breadcrumb":{"@id":"https:\/\/leatoys.com\/novedades\/#breadcrumb"},"inLanguage":"en-GB","potentialAction":[{"@type":"ReadAction","target":["https:\/\/leatoys.com\/novedades\/"]}]},{"@type":"BreadcrumbList","@id":"https:\/\/leatoys.com\/novedades\/#breadcrumb","itemListElement":[{"@type":"ListItem","position":1,"name":"Portada","item":"https:\/\/leatoys.com\/en\/"},{"@type":"ListItem","position":2,"name":"Novedades"}]},{"@type":"WebSite","@id":"https:\/\/leatoys.com\/en\/#website","url":"https:\/\/leatoys.com\/en\/","name":"Lea Toys","description":"Official Webite","publisher":{"@id":"https:\/\/leatoys.com\/en\/#organization"},"potentialAction":[{"@type":"SearchAction","target":{"@type":"EntryPoint","urlTemplate":"https:\/\/leatoys.com\/en\/?s={search_term_string}"},"query-input":{"@type":"PropertyValueSpecification","valueRequired":true,"valueName":"search_term_string"}}],"inLanguage":"en-GB"},{"@type":"Organization","@id":"https:\/\/leatoys.com\/en\/#organization","name":"Guardianes Cosmicos","url":"https:\/\/leatoys.com\/en\/","logo":{"@type":"ImageObject","inLanguage":"en-GB","@id":"https:\/\/leatoys.com\/en\/#\/schema\/logo\/image\/","url":"https:\/\/leatoys.com\/wp-content\/uploads\/2018\/05\/favicon-v2.png","contentUrl":"https:\/\/leatoys.com\/wp-content\/uploads\/2018\/05\/favicon-v2.png","width":512,"height":512,"caption":"Guardianes Cosmicos"},"image":{"@id":"https:\/\/leatoys.com\/en\/#\/schema\/logo\/image\/"},"sameAs":["https:\/\/www.facebook.com\/losguardianescosmicos","https:\/\/www.instagram.com\/leatoys_argentina\/"]}]}},"_links":{"self":[{"href":"https:\/\/leatoys.com\/en\/wp-json\/wp\/v2\/pages\/14980","targetHints":{"allow":["GET"]}}],"collection":[{"href":"https:\/\/leatoys.com\/en\/wp-json\/wp\/v2\/pages"}],"about":[{"href":"https:\/\/leatoys.com\/en\/wp-json\/wp\/v2\/types\/page"}],"author":[{"embeddable":true,"href":"https:\/\/leatoys.com\/en\/wp-json\/wp\/v2\/users\/1"}],"replies":[{"embeddable":true,"href":"https:\/\/leatoys.com\/en\/wp-json\/wp\/v2\/comments?post=14980"}],"version-history":[{"count":6,"href":"https:\/\/leatoys.com\/en\/wp-json\/wp\/v2\/pages\/14980\/revisions"}],"predecessor-version":[{"id":15972,"href":"https:\/\/leatoys.com\/en\/wp-json\/wp\/v2\/pages\/14980\/revisions\/15972"}],"wp:attachment":[{"href":"https:\/\/leatoys.com\/en\/wp-json\/wp\/v2\/media?parent=14980"}],"curies":[{"name":"wp","href":"https:\/\/api.w.org\/{rel}","templated":true}]}}